{"id":12,"date":"2024-10-23T17:11:00","date_gmt":"2024-10-23T21:11:00","guid":{"rendered":"https:\/\/impactoro.com.br\/portal\/?page_id=12"},"modified":"2025-05-27T17:10:10","modified_gmt":"2025-05-27T21:10:10","slug":"politica-de-privacidade","status":"publish","type":"page","link":"https:\/\/impactoro.com.br\/portal\/politica-de-privacidade\/","title":{"rendered":"Pol\u00edtica de Privacidade | Impacto Seguran\u00e7a Eletr\u00f4nica"},"content":{"rendered":"\t\t<div data-elementor-type=\"wp-page\" data-elementor-id=\"12\" class=\"elementor elementor-12\">\n\t\t\t\t<div class=\"elementor-element elementor-element-7eaa6fa9 e-flex e-con-boxed e-con e-parent\" data-id=\"7eaa6fa9\" data-element_type=\"container\" data-e-type=\"container\">\n\t\t\t\t\t<div class=\"e-con-inner\">\n\t\t\t\t<div class=\"elementor-element elementor-element-1a01b91f elementor-widget elementor-widget-text-editor\" data-id=\"1a01b91f\" data-element_type=\"widget\" data-e-type=\"widget\" data-widget_type=\"text-editor.default\">\n\t\t\t\t<div class=\"elementor-widget-container\">\n\t\t\t\t\t\t\t\t\t\n<h1>Pol\u00edtica de Privacidade<\/h1>\n\n<p>Leia com aten\u00e7\u00e3o a pol\u00edtica de privacidade da <strong>Impacto Seguran\u00e7a<\/strong><strong>\u00a0<\/strong>para compreender nossas pol\u00edticas e pr\u00e1ticas sobre seus dados pessoais e como os trataremos. Todas as suas informa\u00e7\u00f5es pessoais recolhidas ser\u00e3o usadas para ajudar a tornar a sua visita no nosso site mais produtiva e agrad\u00e1vel poss\u00edvel. A garantia da confidencialidade dos dados pessoais dos visitantes do nosso site \u00e9 primordial. A <strong>Impacto Seguran\u00e7a<\/strong><strong>\u00a0<\/strong>pressup\u00f5e a aceita\u00e7\u00e3o deste acordo de privacidade. A equipe da\u00a0<strong>Impacto Seguran\u00e7a <\/strong>reserva-se ao direito de alterar este acordo sem aviso pr\u00e9vio. Deste modo, recomendamos que consulte a nossa pol\u00edtica de privacidade com regularidade para estar sempre atualizado.<\/p>\n<h2>Tipo de informa\u00e7\u00f5es que coletamos<\/h2>\n<h3>Informa\u00e7\u00f5es pessoais<\/h3>\n<p>Isso pode incluir seu nome, endere\u00e7o de e-mail, organiza\u00e7\u00e3o, n\u00famero de telefone, foto, curr\u00edculo, perfil de m\u00eddia social e outras informa\u00e7\u00f5es fornecidas por voc\u00ea preenchendo os formul\u00e1rios em nosso site. As informa\u00e7\u00f5es pessoais n\u00e3o incluem informa\u00e7\u00f5es an\u00f4nimas que coletamos usando servi\u00e7os como o Google Analytics. Normalmente as informa\u00e7\u00f5es an\u00f4nimas nos permitem entender o tipo de navegador, o site de refer\u00eancia, a hora da sua visita, a localiza\u00e7\u00e3o aproximada e alguns outros detalhes. N\u00e3o nos permite isolar sua identidade individual. No entanto, podemos associar informa\u00e7\u00f5es an\u00f4nimas as suas informa\u00e7\u00f5es pessoais de identifica\u00e7\u00e3o que voc\u00ea nos forneceu ou recebemos atrav\u00e9s de fontes p\u00fablicas e outras fontes.<\/p>\n<h3>Informa\u00e7\u00f5es sens\u00edveis e infantis<\/h3>\n<p>N\u00e3o coletamos dados pessoais sens\u00edveis e dados-filho. \u201cDados pessoais sens\u00edveis\u201d para nossos prop\u00f3sitos significam informa\u00e7\u00f5es que precisam de tratamento especial (em algumas circunst\u00e2ncias exigindo que voc\u00ea nos d\u00ea seu consentimento expl\u00edcito). Entre essas categorias podem estar os n\u00fameros de identifica\u00e7\u00e3o, dados da conta financeira, ra\u00e7a ou etnia, opini\u00f5es pol\u00edticas, filos\u00f3ficas, religiosas ou v\u00e1rias cren\u00e7as compar\u00e1veis, pertencentes a um sindicato ou associa\u00e7\u00e3o profissional ou comercial, sa\u00fade f\u00edsica ou mental, dados biom\u00e9tricos ou gen\u00e9ticos, vida sexual ou antecedentes criminais (incluindo material referente \u00e0 suspeita de atos criminosos) de acordo com as diversas categorias de dados pessoais reconhecidas pelas leis de privacidade de dados da Europa e de outros lugares. \u201cDados-filho&#8221; significam dados sobre um titular de dados com menos de 16 anos de idade.<\/p>\n<h3>Comunicando-se conosco<\/h3>\n<p>Se voc\u00ea entrar em contato conosco atrav\u00e9s de formul\u00e1rios do site, e-mail ou qualquer outra mensagem de texto poderemos manter um registro dessa correspond\u00eancia.<\/p>\n<h3>Dados de localiza\u00e7\u00e3o<\/h3>\n<p>Dependendo das configura\u00e7\u00f5es, seus dispositivos compartilham o local. Podemos usar suas informa\u00e7\u00f5es de localiza\u00e7\u00e3o para conect\u00e1-lo ao representante mais pr\u00f3ximo ou para determinar as necessidades espec\u00edficas de nossos clientes para melhorar nossos servi\u00e7os.<\/p>\n<h3>Dados do Analytics<\/h3>\n<p>Reunimos dados de an\u00e1lise \u00e0 medida que voc\u00ea usa nosso site para ajudar a melhorar nossos servi\u00e7os e produtos. Empregamos o Google Analytics como nosso fornecedor de an\u00e1lises.<\/p>\n<h3>Sites de terceiros<\/h3>\n<p>A\u00a0<strong>Impacto Seguran\u00e7a\u00a0<\/strong>possui liga\u00e7\u00f5es para outros sites, os quais, ao nosso ver, podem conter informa\u00e7\u00f5es\/ferramentas \u00fateis para os nossos visitantes. A nossa pol\u00edtica de privacidade n\u00e3o \u00e9 aplicada a sites de terceiros. Caso visite outro site a partir do nosso voc\u00ea dever\u00e1 ler a pol\u00edtica de privacidade do mesmo. N\u00e3o nos responsabilizamos pela pol\u00edtica de privacidade ou conte\u00fado presente nesses mesmos sites.<\/p>\n<h3>An\u00fancios<\/h3>\n<p>Assim como outros websites, coletamos e utilizamos informa\u00e7\u00f5es contidas nos an\u00fancios. As informa\u00e7\u00f5es contidas nos an\u00fancios incluem o seu endere\u00e7o IP (Internet Protocol), o seu ISP (Internet Service Provider &#8211; como o Sapo, Clix ou outro), o browser que utilizou ao visitar o nosso website (como o Internet Explorer, Google Chrome ou Firefox), o tempo da sua visita e quais p\u00e1ginas visitou dentro do nosso website.<\/p>\n<h3>Os cookies e web beacons<\/h3>\n<p>Utilizamos cookies para armazenar informa\u00e7\u00e3o, tais como as suas prefer\u00eancias pessoais quando visita o nosso website. Isso poder\u00e1 incluir um simples pop-up ou uma liga\u00e7\u00e3o em v\u00e1rios servi\u00e7os que providenciamos. Voc\u00ea det\u00e9m o poder de desligar os seus cookies nas op\u00e7\u00f5es do seu browser ou efetuando altera\u00e7\u00f5es nas ferramentas de programas antiv\u00edrus. No entanto, isso poder\u00e1 alterar a forma como interage com o nosso website ou outros websites. Isso poder\u00e1 afetar ou n\u00e3o permitir que fa\u00e7a logins em programas, sites ou f\u00f3runs da nossa e de outras redes.<\/p>\n<h3>Objetivos da coleta e processamento<\/h3>\n<p>Os dados pessoais fornecidos voluntariamente pelo usu\u00e1rio ser\u00e3o processados para os seguintes fins:<\/p>\n<ul>\n<li>Navega\u00e7\u00e3o neste site<\/li>\n<li>Marketing e venda da <strong>Impacto Seguran\u00e7a<\/strong><\/li>\n<li>Gerenciamento de quaisquer pedidos de contato<\/li>\n<li>Envio de materiais, blogs e informativos peri\u00f3dicos por e-mail<\/li>\n<li>Processamento de dados do usu\u00e1rio para fornecer experi\u00eancias interativas avan\u00e7adas e personaliza\u00e7\u00e3o do servi\u00e7o oferecido<\/li>\n<\/ul>\n<h3>Armazenamento<\/h3>\n<p>Armazenamos as informa\u00e7\u00f5es coletadas nos sistemas de banco de dados, automa\u00e7\u00e3o de marketing e relacionamento com clientes. Nesses sistemas s\u00e3o armazenados dados pessoais &#8211; informa\u00e7\u00f5es relevantes para o comercial da <strong>Impacto Seguran\u00e7a<\/strong><strong>\u00a0<\/strong>.<\/p>\n<h3>Contato<\/h3>\n<p>Para tirar suas d\u00favidas sobre a pol\u00edtica de privacidade da <strong>Impacto Seguran\u00e7a<\/strong><strong>\u00a0<\/strong>entre em contato\u00a0<span style=\"color: #000000;\"><a style=\"color: #000000;\" href=\"https:\/\/impactoro.com.br\/portal\/contato\/\">clicando aqui.<\/a><\/span><\/p>\n\t\t\t\t\t\t\t\t<\/div>\n\t\t\t\t<\/div>\n\t\t\t\t\t<\/div>\n\t\t\t\t<\/div>\n\t\t\t\t<\/div>\n\t\t","protected":false},"excerpt":{"rendered":"<p>Pol\u00edtica de Privacidade Leia com aten\u00e7\u00e3o a pol\u00edtica de privacidade da Impacto Seguran\u00e7a\u00a0para compreender nossas pol\u00edticas e pr\u00e1ticas sobre seus dados pessoais e como os trataremos. Todas as suas informa\u00e7\u00f5es pessoais recolhidas ser\u00e3o usadas para ajudar a tornar a sua visita no nosso site mais produtiva e agrad\u00e1vel poss\u00edvel. A garantia da confidencialidade dos dados [&hellip;]<\/p>\n","protected":false},"author":1,"featured_media":0,"parent":0,"menu_order":0,"comment_status":"closed","ping_status":"closed","template":"","meta":{"_acf_changed":false,"ocean_post_layout":"","ocean_both_sidebars_style":"","ocean_both_sidebars_content_width":0,"ocean_both_sidebars_sidebars_width":0,"ocean_sidebar":"","ocean_second_sidebar":"","ocean_disable_margins":"enable","ocean_add_body_class":"","ocean_shortcode_before_top_bar":"","ocean_shortcode_after_top_bar":"","ocean_shortcode_before_header":"","ocean_shortcode_after_header":"","ocean_has_shortcode":"","ocean_shortcode_after_title":"","ocean_shortcode_before_footer_widgets":"","ocean_shortcode_after_footer_widgets":"","ocean_shortcode_before_footer_bottom":"","ocean_shortcode_after_footer_bottom":"","ocean_display_top_bar":"default","ocean_display_header":"default","ocean_header_style":"","ocean_center_header_left_menu":"","ocean_custom_header_template":"","ocean_custom_logo":0,"ocean_custom_retina_logo":0,"ocean_custom_logo_max_width":0,"ocean_custom_logo_tablet_max_width":0,"ocean_custom_logo_mobile_max_width":0,"ocean_custom_logo_max_height":0,"ocean_custom_logo_tablet_max_height":0,"ocean_custom_logo_mobile_max_height":0,"ocean_header_custom_menu":"","ocean_menu_typo_font_family":"","ocean_menu_typo_font_subset":"","ocean_menu_typo_font_size":0,"ocean_menu_typo_font_size_tablet":0,"ocean_menu_typo_font_size_mobile":0,"ocean_menu_typo_font_size_unit":"px","ocean_menu_typo_font_weight":"","ocean_menu_typo_font_weight_tablet":"","ocean_menu_typo_font_weight_mobile":"","ocean_menu_typo_transform":"","ocean_menu_typo_transform_tablet":"","ocean_menu_typo_transform_mobile":"","ocean_menu_typo_line_height":0,"ocean_menu_typo_line_height_tablet":0,"ocean_menu_typo_line_height_mobile":0,"ocean_menu_typo_line_height_unit":"","ocean_menu_typo_spacing":0,"ocean_menu_typo_spacing_tablet":0,"ocean_menu_typo_spacing_mobile":0,"ocean_menu_typo_spacing_unit":"","ocean_menu_link_color":"","ocean_menu_link_color_hover":"","ocean_menu_link_color_active":"","ocean_menu_link_background":"","ocean_menu_link_hover_background":"","ocean_menu_link_active_background":"","ocean_menu_social_links_bg":"","ocean_menu_social_hover_links_bg":"","ocean_menu_social_links_color":"","ocean_menu_social_hover_links_color":"","ocean_disable_title":"default","ocean_disable_heading":"default","ocean_post_title":"","ocean_post_subheading":"","ocean_post_title_style":"","ocean_post_title_background_color":"","ocean_post_title_background":0,"ocean_post_title_bg_image_position":"","ocean_post_title_bg_image_attachment":"","ocean_post_title_bg_image_repeat":"","ocean_post_title_bg_image_size":"","ocean_post_title_height":0,"ocean_post_title_bg_overlay":0.5,"ocean_post_title_bg_overlay_color":"","ocean_disable_breadcrumbs":"default","ocean_breadcrumbs_color":"","ocean_breadcrumbs_separator_color":"","ocean_breadcrumbs_links_color":"","ocean_breadcrumbs_links_hover_color":"","ocean_display_footer_widgets":"default","ocean_display_footer_bottom":"default","ocean_custom_footer_template":"","footnotes":""},"class_list":["post-12","page","type-page","status-publish","hentry","entry"],"acf":[],"aioseo_notices":[],"_links":{"self":[{"href":"https:\/\/impactoro.com.br\/portal\/wp-json\/wp\/v2\/pages\/12","targetHints":{"allow":["GET"]}}],"collection":[{"href":"https:\/\/impactoro.com.br\/portal\/wp-json\/wp\/v2\/pages"}],"about":[{"href":"https:\/\/impactoro.com.br\/portal\/wp-json\/wp\/v2\/types\/page"}],"author":[{"embeddable":true,"href":"https:\/\/impactoro.com.br\/portal\/wp-json\/wp\/v2\/users\/1"}],"replies":[{"embeddable":true,"href":"https:\/\/impactoro.com.br\/portal\/wp-json\/wp\/v2\/comments?post=12"}],"version-history":[{"count":18,"href":"https:\/\/impactoro.com.br\/portal\/wp-json\/wp\/v2\/pages\/12\/revisions"}],"predecessor-version":[{"id":754,"href":"https:\/\/impactoro.com.br\/portal\/wp-json\/wp\/v2\/pages\/12\/revisions\/754"}],"wp:attachment":[{"href":"https:\/\/impactoro.com.br\/portal\/wp-json\/wp\/v2\/media?parent=12"}],"curies":[{"name":"wp","href":"https:\/\/api.w.org\/{rel}","templated":true}]}}