{"id":578,"date":"2024-10-24T08:32:09","date_gmt":"2024-10-24T12:32:09","guid":{"rendered":"https:\/\/impactoro.com.br\/portal\/?page_id=578"},"modified":"2025-05-27T18:01:41","modified_gmt":"2025-05-27T22:01:41","slug":"solucoes","status":"publish","type":"page","link":"https:\/\/impactoro.com.br\/portal\/solucoes\/","title":{"rendered":"Solu\u00e7\u00f5es | Impacto Seguran\u00e7a Eletr\u00f4nica"},"content":{"rendered":"\t\t<div data-elementor-type=\"wp-page\" data-elementor-id=\"578\" class=\"elementor elementor-578\">\n\t\t\t\t<div class=\"elementor-element elementor-element-af83b1c e-flex e-con-boxed e-con e-parent\" data-id=\"af83b1c\" data-element_type=\"container\" data-e-type=\"container\">\n\t\t\t\t\t<div class=\"e-con-inner\">\n\t\t\t\t<div class=\"elementor-element elementor-element-10d9f3f elementor-widget elementor-widget-heading\" data-id=\"10d9f3f\" data-element_type=\"widget\" data-e-type=\"widget\" data-widget_type=\"heading.default\">\n\t\t\t\t<div class=\"elementor-widget-container\">\n\t\t\t\t\t<h1 class=\"elementor-heading-title elementor-size-default\">MONITORAMENTO COMPLETO<\/h1>\t\t\t\t<\/div>\n\t\t\t\t<\/div>\n\t\t\t\t\t<\/div>\n\t\t\t\t<\/div>\n\t\t<div class=\"elementor-element elementor-element-744a5b3 e-grid e-con-boxed e-con e-parent\" data-id=\"744a5b3\" data-element_type=\"container\" data-e-type=\"container\">\n\t\t\t\t\t<div class=\"e-con-inner\">\n\t\t<div class=\"elementor-element elementor-element-d740961 e-flex e-con-boxed e-con e-child\" data-id=\"d740961\" data-element_type=\"container\" data-e-type=\"container\">\n\t\t\t\t\t<div class=\"e-con-inner\">\n\t\t\t\t<div class=\"elementor-element elementor-element-d6f2777 elementor-widget__width-initial elementor-widget elementor-widget-image\" data-id=\"d6f2777\" data-element_type=\"widget\" data-e-type=\"widget\" data-widget_type=\"image.default\">\n\t\t\t\t<div class=\"elementor-widget-container\">\n\t\t\t\t\t\t\t\t\t\t\t\t<figure class=\"wp-caption\">\n\t\t\t\t\t\t\t\t\t\t<img fetchpriority=\"high\" decoding=\"async\" width=\"1024\" height=\"1024\" src=\"https:\/\/impactoro.com.br\/portal\/wp-content\/uploads\/2025\/05\/cerca_eletrica_2025.webp\" class=\"attachment-2048x2048 size-2048x2048 wp-image-755\" alt=\"\" srcset=\"https:\/\/impactoro.com.br\/portal\/wp-content\/uploads\/2025\/05\/cerca_eletrica_2025.webp 1024w, https:\/\/impactoro.com.br\/portal\/wp-content\/uploads\/2025\/05\/cerca_eletrica_2025-300x300.webp 300w, https:\/\/impactoro.com.br\/portal\/wp-content\/uploads\/2025\/05\/cerca_eletrica_2025-150x150.webp 150w, https:\/\/impactoro.com.br\/portal\/wp-content\/uploads\/2025\/05\/cerca_eletrica_2025-768x768.webp 768w, https:\/\/impactoro.com.br\/portal\/wp-content\/uploads\/2025\/05\/cerca_eletrica_2025-600x600.webp 600w\" sizes=\"(max-width: 1024px) 100vw, 1024px\" \/>\t\t\t\t\t\t\t\t\t\t\t<figcaption class=\"widget-image-caption wp-caption-text\"><br>CERCA EL\u00c9TRICA<\/figcaption>\n\t\t\t\t\t\t\t\t\t\t<\/figure>\n\t\t\t\t\t\t\t\t\t<\/div>\n\t\t\t\t<\/div>\n\t\t\t\t\t<\/div>\n\t\t\t\t<\/div>\n\t\t<div class=\"elementor-element elementor-element-5020c20 e-flex e-con-boxed e-con e-child\" data-id=\"5020c20\" data-element_type=\"container\" data-e-type=\"container\">\n\t\t\t\t\t<div class=\"e-con-inner\">\n\t\t\t\t<div class=\"elementor-element elementor-element-8df58c4 elementor-widget__width-initial elementor-widget elementor-widget-image\" data-id=\"8df58c4\" data-element_type=\"widget\" data-e-type=\"widget\" data-widget_type=\"image.default\">\n\t\t\t\t<div class=\"elementor-widget-container\">\n\t\t\t\t\t\t\t\t\t\t\t\t<figure class=\"wp-caption\">\n\t\t\t\t\t\t\t\t\t\t<img decoding=\"async\" width=\"1024\" height=\"1024\" src=\"https:\/\/impactoro.com.br\/portal\/wp-content\/uploads\/2025\/05\/MONITORAMENTO_DE_IMAGENS.webp\" class=\"attachment-2048x2048 size-2048x2048 wp-image-759\" alt=\"\" srcset=\"https:\/\/impactoro.com.br\/portal\/wp-content\/uploads\/2025\/05\/MONITORAMENTO_DE_IMAGENS.webp 1024w, https:\/\/impactoro.com.br\/portal\/wp-content\/uploads\/2025\/05\/MONITORAMENTO_DE_IMAGENS-300x300.webp 300w, https:\/\/impactoro.com.br\/portal\/wp-content\/uploads\/2025\/05\/MONITORAMENTO_DE_IMAGENS-150x150.webp 150w, https:\/\/impactoro.com.br\/portal\/wp-content\/uploads\/2025\/05\/MONITORAMENTO_DE_IMAGENS-768x768.webp 768w, https:\/\/impactoro.com.br\/portal\/wp-content\/uploads\/2025\/05\/MONITORAMENTO_DE_IMAGENS-600x600.webp 600w\" sizes=\"(max-width: 1024px) 100vw, 1024px\" \/>\t\t\t\t\t\t\t\t\t\t\t<figcaption class=\"widget-image-caption wp-caption-text\"><br>INSTALA\u00c7\u00c3O E <br>MONITORAMENTO DE <br> CFTV<\/figcaption>\n\t\t\t\t\t\t\t\t\t\t<\/figure>\n\t\t\t\t\t\t\t\t\t<\/div>\n\t\t\t\t<\/div>\n\t\t\t\t\t<\/div>\n\t\t\t\t<\/div>\n\t\t<div class=\"elementor-element elementor-element-598d67f e-flex e-con-boxed e-con e-child\" data-id=\"598d67f\" data-element_type=\"container\" data-e-type=\"container\">\n\t\t\t\t\t<div class=\"e-con-inner\">\n\t\t\t\t<div class=\"elementor-element elementor-element-6346025 elementor-widget__width-initial elementor-widget elementor-widget-image\" data-id=\"6346025\" data-element_type=\"widget\" data-e-type=\"widget\" data-widget_type=\"image.default\">\n\t\t\t\t<div class=\"elementor-widget-container\">\n\t\t\t\t\t\t\t\t\t\t\t\t<figure class=\"wp-caption\">\n\t\t\t\t\t\t\t\t\t\t<img decoding=\"async\" width=\"495\" height=\"838\" src=\"https:\/\/impactoro.com.br\/portal\/wp-content\/uploads\/2024\/10\/MODULO_GPRS.webp\" class=\"attachment-2048x2048 size-2048x2048 wp-image-692\" alt=\"\" srcset=\"https:\/\/impactoro.com.br\/portal\/wp-content\/uploads\/2024\/10\/MODULO_GPRS.webp 495w, https:\/\/impactoro.com.br\/portal\/wp-content\/uploads\/2024\/10\/MODULO_GPRS-177x300.webp 177w\" sizes=\"(max-width: 495px) 100vw, 495px\" \/>\t\t\t\t\t\t\t\t\t\t\t<figcaption class=\"widget-image-caption wp-caption-text\"><br>MONITORAMENTO VIA<br>INTERNET E GPRS<\/figcaption>\n\t\t\t\t\t\t\t\t\t\t<\/figure>\n\t\t\t\t\t\t\t\t\t<\/div>\n\t\t\t\t<\/div>\n\t\t\t\t\t<\/div>\n\t\t\t\t<\/div>\n\t\t<div class=\"elementor-element elementor-element-4982ee1 e-flex e-con-boxed e-con e-child\" data-id=\"4982ee1\" data-element_type=\"container\" data-e-type=\"container\">\n\t\t\t\t\t<div class=\"e-con-inner\">\n\t\t\t\t<div class=\"elementor-element elementor-element-278f2c6 elementor-widget__width-initial elementor-widget elementor-widget-image\" data-id=\"278f2c6\" data-element_type=\"widget\" data-e-type=\"widget\" data-widget_type=\"image.default\">\n\t\t\t\t<div class=\"elementor-widget-container\">\n\t\t\t\t\t\t\t\t\t\t\t\t<figure class=\"wp-caption\">\n\t\t\t\t\t\t\t\t\t\t<img loading=\"lazy\" decoding=\"async\" width=\"615\" height=\"676\" src=\"https:\/\/impactoro.com.br\/portal\/wp-content\/uploads\/2024\/10\/APP_MONITORAMENTO.webp\" class=\"attachment-2048x2048 size-2048x2048 wp-image-693\" alt=\"\" srcset=\"https:\/\/impactoro.com.br\/portal\/wp-content\/uploads\/2024\/10\/APP_MONITORAMENTO.webp 615w, https:\/\/impactoro.com.br\/portal\/wp-content\/uploads\/2024\/10\/APP_MONITORAMENTO-273x300.webp 273w\" sizes=\"(max-width: 615px) 100vw, 615px\" \/>\t\t\t\t\t\t\t\t\t\t\t<figcaption class=\"widget-image-caption wp-caption-text\"><br>APP MONITORAMENTO<\/figcaption>\n\t\t\t\t\t\t\t\t\t\t<\/figure>\n\t\t\t\t\t\t\t\t\t<\/div>\n\t\t\t\t<\/div>\n\t\t\t\t\t<\/div>\n\t\t\t\t<\/div>\n\t\t\t\t\t<\/div>\n\t\t\t\t<\/div>\n\t\t\t\t<\/div>\n\t\t","protected":false},"excerpt":{"rendered":"<p>MONITORAMENTO COMPLETO CERCA EL\u00c9TRICA INSTALA\u00c7\u00c3O E MONITORAMENTO DE CFTV MONITORAMENTO VIAINTERNET E GPRS APP MONITORAMENTO<\/p>\n","protected":false},"author":1,"featured_media":0,"parent":0,"menu_order":0,"comment_status":"closed","ping_status":"closed","template":"","meta":{"_acf_changed":false,"ocean_post_layout":"","ocean_both_sidebars_style":"","ocean_both_sidebars_content_width":0,"ocean_both_sidebars_sidebars_width":0,"ocean_sidebar":"0","ocean_second_sidebar":"0","ocean_disable_margins":"enable","ocean_add_body_class":"","ocean_shortcode_before_top_bar":"","ocean_shortcode_after_top_bar":"","ocean_shortcode_before_header":"","ocean_shortcode_after_header":"","ocean_has_shortcode":"","ocean_shortcode_after_title":"","ocean_shortcode_before_footer_widgets":"","ocean_shortcode_after_footer_widgets":"","ocean_shortcode_before_footer_bottom":"","ocean_shortcode_after_footer_bottom":"","ocean_display_top_bar":"default","ocean_display_header":"default","ocean_header_style":"","ocean_center_header_left_menu":"0","ocean_custom_header_template":"0","ocean_custom_logo":0,"ocean_custom_retina_logo":0,"ocean_custom_logo_max_width":0,"ocean_custom_logo_tablet_max_width":0,"ocean_custom_logo_mobile_max_width":0,"ocean_custom_logo_max_height":0,"ocean_custom_logo_tablet_max_height":0,"ocean_custom_logo_mobile_max_height":0,"ocean_header_custom_menu":"0","ocean_menu_typo_font_family":"0","ocean_menu_typo_font_subset":"","ocean_menu_typo_font_size":0,"ocean_menu_typo_font_size_tablet":0,"ocean_menu_typo_font_size_mobile":0,"ocean_menu_typo_font_size_unit":"px","ocean_menu_typo_font_weight":"","ocean_menu_typo_font_weight_tablet":"","ocean_menu_typo_font_weight_mobile":"","ocean_menu_typo_transform":"","ocean_menu_typo_transform_tablet":"","ocean_menu_typo_transform_mobile":"","ocean_menu_typo_line_height":0,"ocean_menu_typo_line_height_tablet":0,"ocean_menu_typo_line_height_mobile":0,"ocean_menu_typo_line_height_unit":"","ocean_menu_typo_spacing":0,"ocean_menu_typo_spacing_tablet":0,"ocean_menu_typo_spacing_mobile":0,"ocean_menu_typo_spacing_unit":"","ocean_menu_link_color":"","ocean_menu_link_color_hover":"","ocean_menu_link_color_active":"","ocean_menu_link_background":"","ocean_menu_link_hover_background":"","ocean_menu_link_active_background":"","ocean_menu_social_links_bg":"","ocean_menu_social_hover_links_bg":"","ocean_menu_social_links_color":"","ocean_menu_social_hover_links_color":"","ocean_disable_title":"default","ocean_disable_heading":"default","ocean_post_title":"","ocean_post_subheading":"","ocean_post_title_style":"","ocean_post_title_background_color":"","ocean_post_title_background":0,"ocean_post_title_bg_image_position":"","ocean_post_title_bg_image_attachment":"","ocean_post_title_bg_image_repeat":"","ocean_post_title_bg_image_size":"","ocean_post_title_height":0,"ocean_post_title_bg_overlay":0.5,"ocean_post_title_bg_overlay_color":"","ocean_disable_breadcrumbs":"default","ocean_breadcrumbs_color":"","ocean_breadcrumbs_separator_color":"","ocean_breadcrumbs_links_color":"","ocean_breadcrumbs_links_hover_color":"","ocean_display_footer_widgets":"default","ocean_display_footer_bottom":"default","ocean_custom_footer_template":"0","footnotes":""},"class_list":["post-578","page","type-page","status-publish","hentry","entry"],"acf":[],"aioseo_notices":[],"_links":{"self":[{"href":"https:\/\/impactoro.com.br\/portal\/wp-json\/wp\/v2\/pages\/578","targetHints":{"allow":["GET"]}}],"collection":[{"href":"https:\/\/impactoro.com.br\/portal\/wp-json\/wp\/v2\/pages"}],"about":[{"href":"https:\/\/impactoro.com.br\/portal\/wp-json\/wp\/v2\/types\/page"}],"author":[{"embeddable":true,"href":"https:\/\/impactoro.com.br\/portal\/wp-json\/wp\/v2\/users\/1"}],"replies":[{"embeddable":true,"href":"https:\/\/impactoro.com.br\/portal\/wp-json\/wp\/v2\/comments?post=578"}],"version-history":[{"count":25,"href":"https:\/\/impactoro.com.br\/portal\/wp-json\/wp\/v2\/pages\/578\/revisions"}],"predecessor-version":[{"id":767,"href":"https:\/\/impactoro.com.br\/portal\/wp-json\/wp\/v2\/pages\/578\/revisions\/767"}],"wp:attachment":[{"href":"https:\/\/impactoro.com.br\/portal\/wp-json\/wp\/v2\/media?parent=578"}],"curies":[{"name":"wp","href":"https:\/\/api.w.org\/{rel}","templated":true}]}}